{"id":50,"date":"2019-02-11T11:40:07","date_gmt":"2019-02-11T10:40:07","guid":{"rendered":"https:\/\/sdc-emmendingen.de\/?page_id=50"},"modified":"2026-04-27T23:12:23","modified_gmt":"2026-04-27T21:12:23","slug":"termine-veranstaltungen","status":"publish","type":"page","link":"https:\/\/sdc-emmendingen.de\/index.php\/termine-veranstaltungen\/","title":{"rendered":"Termine"},"content":{"rendered":"\n<h5 class=\"wp-block-heading\"><strong>\u25ba 01.05.2026 Kein Clubabend<\/strong> &#8211; Wochenende 1. Mai<\/h5>\n\n\n\n<h5 class=\"wp-block-heading\"><strong>\u25ba 08.05.2026 Mitgliederversammlung <\/strong><\/h5>\n\n\n\n<h5 class=\"wp-block-heading\"><strong>\u25ba 15.05.2026 <\/strong> &#8211; Br\u00fcckentag &#8211; Christi Himmelfahrt<br>Classabend mit Antje &#8211; Angels welcome<\/h5>\n\n\n\n<h5 class=\"wp-block-heading\"><strong>\u25ba 22.05.2026 Clubabend<\/strong> mit Ellen<\/h5>\n\n\n\n<h5 class=\"wp-block-heading has-text-color has-link-color wp-elements-5810c8bb944f51716e090341a098210f\" style=\"color:#000000\"><strong>\u25ba 29.05.2026 Clubabend<\/strong> mit <strong>Rolf<\/strong><\/h5>\n\n\n\n<h5 class=\"wp-block-heading has-dark-gray-color has-text-color has-link-color wp-elements-b4f038b0a0aa3820ab40925584749e57\"><strong>\u25ba 05.06.2026 Kein Clubabend<\/strong><br>Fronleichnam &#8211; Br\u00fcckentag<\/h5>\n\n\n\n<p><strong><span style=\"color: #000000;\">G\u00e4ste sind herzlich willkommen!&nbsp;Wir bitten um Anmeldung &#8211;<br>sp\u00e4testens einen Tag vor dem Clubabend!<\/span><\/strong><br><br><strong><span style=\"color: #000000;\">Ausreichend Parkpl\u00e4tze direkt vor dem Tanzplatz<\/span>.<\/strong><\/p>\n\n\n\n<h5 class=\"wp-block-heading\"><strong><span style=\"color: #000000;\">Getr\u00e4nke werden nicht zur Verf\u00fcgung gestellt. Bitte bringt Eure Getr\u00e4nke mit.<\/span><\/strong><\/h5>\n\n\n\n<h6 class=\"wp-block-heading has-text-color has-link-color has-large-font-size wp-elements-2c65bd48a49b2f2ced2c3d02894cca04\" style=\"color:#3399ff;text-decoration:underline\"><a href=\"https:\/\/sdc-emmendingen.de\/wp-content\/uploads\/2026\/04\/2605-SDC-EM-Kalender.pdf\">Clubkalender<\/a><\/h6>\n\n\n\n<p class=\"has-text-color has-link-color wp-elements-da51e4eb2a2e36c057e417c30a888b4d\" style=\"color:#3399ff\"><\/p>\n","protected":false},"excerpt":{"rendered":"<p>\u25ba 01.05.2026 Kein Clubabend &#8211; Wochenende 1. Mai \u25ba 08.05.2026 Mitgliederversammlung \u25ba 15.05.2026 &#8211; Br\u00fcckentag &#8211; Christi HimmelfahrtClassabend mit Antje &#8211; Angels welcome \u25ba 22.05.2026 Clubabend mit Ellen \u25ba 29.05.2026 Clubabend mit Rolf \u25ba 05.06.2026 Kein ClubabendFronleichnam &#8211; Br\u00fcckentag G\u00e4ste sind herzlich willkommen!&nbsp;Wir bitten um Anmeldung &#8211;sp\u00e4testens einen Tag vor dem Clubabend! Ausreichend Parkpl\u00e4tze direkt &hellip; <a href=\"https:\/\/sdc-emmendingen.de\/index.php\/termine-veranstaltungen\/\" class=\"more-link\"><span class=\"screen-reader-text\">Termine<\/span> weiterlesen <span class=\"meta-nav\">&rarr;<\/span><\/a><\/p>\n","protected":false},"author":5,"featured_media":0,"parent":0,"menu_order":0,"comment_status":"closed","ping_status":"closed","template":"","meta":{"_lmt_disableupdate":"","_lmt_disable":"","footnotes":""},"class_list":["post-50","page","type-page","status-publish","hentry"],"_links":{"self":[{"href":"https:\/\/sdc-emmendingen.de\/index.php\/wp-json\/wp\/v2\/pages\/50","targetHints":{"allow":["GET"]}}],"collection":[{"href":"https:\/\/sdc-emmendingen.de\/index.php\/wp-json\/wp\/v2\/pages"}],"about":[{"href":"https:\/\/sdc-emmendingen.de\/index.php\/wp-json\/wp\/v2\/types\/page"}],"author":[{"embeddable":true,"href":"https:\/\/sdc-emmendingen.de\/index.php\/wp-json\/wp\/v2\/users\/5"}],"replies":[{"embeddable":true,"href":"https:\/\/sdc-emmendingen.de\/index.php\/wp-json\/wp\/v2\/comments?post=50"}],"version-history":[{"count":210,"href":"https:\/\/sdc-emmendingen.de\/index.php\/wp-json\/wp\/v2\/pages\/50\/revisions"}],"predecessor-version":[{"id":2875,"href":"https:\/\/sdc-emmendingen.de\/index.php\/wp-json\/wp\/v2\/pages\/50\/revisions\/2875"}],"wp:attachment":[{"href":"https:\/\/sdc-emmendingen.de\/index.php\/wp-json\/wp\/v2\/media?parent=50"}],"curies":[{"name":"wp","href":"https:\/\/api.w.org\/{rel}","templated":true}]}}