{"id":46,"date":"2018-07-03T20:06:47","date_gmt":"2018-07-03T18:06:47","guid":{"rendered":"https:\/\/sdc-emmendingen.de\/?page_id=46"},"modified":"2025-10-05T17:33:51","modified_gmt":"2025-10-05T15:33:51","slug":"ueber-uns","status":"publish","type":"page","link":"https:\/\/sdc-emmendingen.de\/index.php\/ueber-uns\/","title":{"rendered":"\u00dcber uns"},"content":{"rendered":"\n<h5 class=\"wp-block-heading\">Square Dance Club Emmendingen e.V.&nbsp; <img loading=\"lazy\" decoding=\"async\" class=\"alignnone size-full wp-image-71\" src=\"https:\/\/sdc-emmendingen.de\/wp-content\/uploads\/2018\/07\/SDC-Emmendingen-Logo.png\" alt=\"\" width=\"178\" height=\"104\"><\/h5>\n\n\n\n<p>Wir sind Mitglied der EAASDC (European Association of American Square Dancing Clubs e.V.):&nbsp; <a href=\"https:\/\/eaasdc.eu\/eu\/index.php\">https:\/\/eaasdc.eu\/eu\/index.php<\/a><img loading=\"lazy\" decoding=\"async\" class=\"alignnone wp-image-121\" src=\"https:\/\/sdc-emmendingen.de\/wp-content\/uploads\/2018\/07\/EAASDC_Logo.png\" alt=\"\" width=\"69\" height=\"71\"><\/p>\n\n\n\n<p>Den Square Dance Club Emmendingen gibt es bereits seit \u00fcber 40 Jahren. Die Kanadier, die damals ihren St\u00fctzpunkt in Lahr hatten, haben diesen Tanz in unserer Region eingef\u00fchrt und beliebt gemacht. Die offizielle Gr\u00fcndung des Clubs in Emmendingen fand am 3. Oktober 1980 statt. Die erste Class mit \u00fcber 30 Students \/ Beginners (Anf\u00e4nger) wurde am 5. Oktober 1979 gestartet. Diese Students wurden ein Jahr sp\u00e4ter im Juni \/ Juli 1980 graduiert. Wir freuen uns immer auf neue Students und vermitteln sehr gerne unsere Freude am Tanzen.<\/p>\n\n\n\n<p>Der H\u00f6hepunkt im Jahr f\u00fcr den Square Dance Club Emmendingen e.V. ist nat\u00fcrlich unser <strong>Festival <\/strong>bzw.<strong> Special Dance<\/strong> im Herbst in der Elzhalle in Emmendingen-Wasser. Mehr Informationen dazu finden Sie unter der Rubrik &#8222;Veranstaltungen&#8220;.<\/p>\n\n\n\n<h5 class=\"wp-block-heading\">Unser Caller:    Ellen M\u00fcller<\/h5>\n\n\n\n<figure class=\"wp-block-image size-large is-resized\"><img loading=\"lazy\" decoding=\"async\" width=\"768\" height=\"1024\" src=\"https:\/\/sdc-emmendingen.de\/wp-content\/uploads\/2024\/02\/240126-Ellen-Open-House-3-768x1024.jpg\" alt=\"\" class=\"wp-image-2109\" style=\"width:384px;height:512px\" srcset=\"https:\/\/sdc-emmendingen.de\/wp-content\/uploads\/2024\/02\/240126-Ellen-Open-House-3-768x1024.jpg 768w, https:\/\/sdc-emmendingen.de\/wp-content\/uploads\/2024\/02\/240126-Ellen-Open-House-3-225x300.jpg 225w, https:\/\/sdc-emmendingen.de\/wp-content\/uploads\/2024\/02\/240126-Ellen-Open-House-3-1152x1536.jpg 1152w, https:\/\/sdc-emmendingen.de\/wp-content\/uploads\/2024\/02\/240126-Ellen-Open-House-3.jpg 1200w\" sizes=\"auto, (max-width: 768px) 100vw, 768px\" \/><\/figure>\n\n\n\n<h5 class=\"wp-block-heading has-medium-font-size\"><br><br><strong>Clubchronik<\/strong><\/h5>\n\n\n\n<p class=\"has-text-color has-link-color has-medium-font-size wp-elements-abec8bc92f31d0fa267f4fa43bd39b45\" style=\"color:#3399ff;text-decoration:underline\"><a href=\"https:\/\/sdc-emmendingen.de\/wp-content\/uploads\/2023\/07\/Die-Clubgruendung-1976-bis-1980.pdf\" data-type=\"URL\" data-id=\"https:\/\/sdc-emmendingen.de\/wp-content\/uploads\/2022\/11\/Die-Clubgruendung-1976-bis-1980.pdfhttps:\/\/sdc-emmendingen.de\/wp-content\/uploads\/2023\/07\/Die-Clubgruendung-1976-bis-1980.pdf\"><strong>Die Clubgr\u00fcndung 1976 bis 1980<\/strong><\/a><\/p>\n\n\n\n<p><\/p>\n","protected":false},"excerpt":{"rendered":"<p>Square Dance Club Emmendingen e.V.&nbsp; Wir sind Mitglied der EAASDC (European Association of American Square Dancing Clubs e.V.):&nbsp; https:\/\/eaasdc.eu\/eu\/index.php Den Square Dance Club Emmendingen gibt es bereits seit \u00fcber 40 Jahren. Die Kanadier, die damals ihren St\u00fctzpunkt in Lahr hatten, haben diesen Tanz in unserer Region eingef\u00fchrt und beliebt gemacht. Die offizielle Gr\u00fcndung des Clubs &hellip; <a href=\"https:\/\/sdc-emmendingen.de\/index.php\/ueber-uns\/\" class=\"more-link\"><span class=\"screen-reader-text\">\u00dcber uns<\/span> weiterlesen <span class=\"meta-nav\">&rarr;<\/span><\/a><\/p>\n","protected":false},"author":5,"featured_media":0,"parent":0,"menu_order":0,"comment_status":"closed","ping_status":"closed","template":"","meta":{"_lmt_disableupdate":"","_lmt_disable":"","footnotes":""},"class_list":["post-46","page","type-page","status-publish","hentry"],"_links":{"self":[{"href":"https:\/\/sdc-emmendingen.de\/index.php\/wp-json\/wp\/v2\/pages\/46","targetHints":{"allow":["GET"]}}],"collection":[{"href":"https:\/\/sdc-emmendingen.de\/index.php\/wp-json\/wp\/v2\/pages"}],"about":[{"href":"https:\/\/sdc-emmendingen.de\/index.php\/wp-json\/wp\/v2\/types\/page"}],"author":[{"embeddable":true,"href":"https:\/\/sdc-emmendingen.de\/index.php\/wp-json\/wp\/v2\/users\/5"}],"replies":[{"embeddable":true,"href":"https:\/\/sdc-emmendingen.de\/index.php\/wp-json\/wp\/v2\/comments?post=46"}],"version-history":[{"count":6,"href":"https:\/\/sdc-emmendingen.de\/index.php\/wp-json\/wp\/v2\/pages\/46\/revisions"}],"predecessor-version":[{"id":2647,"href":"https:\/\/sdc-emmendingen.de\/index.php\/wp-json\/wp\/v2\/pages\/46\/revisions\/2647"}],"wp:attachment":[{"href":"https:\/\/sdc-emmendingen.de\/index.php\/wp-json\/wp\/v2\/media?parent=46"}],"curies":[{"name":"wp","href":"https:\/\/api.w.org\/{rel}","templated":true}]}}