{"id":44,"date":"2018-07-03T20:06:22","date_gmt":"2018-07-03T18:06:22","guid":{"rendered":"https:\/\/sdc-emmendingen.de\/?page_id=44"},"modified":"2025-10-05T17:37:30","modified_gmt":"2025-10-05T15:37:30","slug":"was-ist-square-dance","status":"publish","type":"page","link":"https:\/\/sdc-emmendingen.de\/index.php\/was-ist-square-dance\/","title":{"rendered":"Was ist Square Dance?"},"content":{"rendered":"\n<p>Square Dance ist ein amerikanischer Volkstanz nach Ansage. Beim Square Dance tanzen jeweils vier Paare zusammen. Passend zur Musik werden die zu tanzenden Figuren von einem Caller (Ansager und S\u00e4nger) auf Englisch angesagt. Es wird weltweit nach den gleichen Regeln getanzt. Daher kann man andere Clubs und Veranstaltungen auf der ganzen Welt besuchen.<\/p>\n\n\n\n<p>Die Musik zu der man Square Dance tanzen kann, ist sehr vielseitig und umfasst nicht nur Western- und Country Musik, sondern Evergreens sowie auch Rock- &amp; Popsongs und aktuelle Melodien. Die T\u00e4nze sind immer abwechslungsreich, machen Spa\u00df und f\u00f6rdern die Konzentration sowie das Reaktionsverm\u00f6gen. Die &#8218;fliegenden&#8216; R\u00f6cke und Petticoats der Frauen und Western- bzw. Square Dance Outfits der Herren geh\u00f6ren nat\u00fcrlich auch dazu.<\/p>\n\n\n\n<p>Beim Square Dance lernt man schnell neue Leute kennen. Es ist erstaunlich wie eine Gruppe von vier Paaren, die sich oft noch nicht kennen, so schnell zu einer Einheit werden und gemeinsam viel <strong>Spa\u00df<\/strong> haben.<\/p>\n\n\n\n<p><strong>Square Dance <\/strong>ist&#8230;<\/p>\n\n\n\n<p>&#8230;<strong>spannend<\/strong>: Als T\u00e4nzer wei\u00df man nicht, welche Tanzfigur als n\u00e4chste angesagt wird. Was getanzt wird bzw welche Figuren getanzt werden, liegt ganz in der Hand des Callers.<\/p>\n\n\n\n<p>&#8230;<strong>abwechslungsreich<\/strong>: Die Choreographien sind immer wieder anders.<\/p>\n\n\n\n<p>&#8230;<strong>herausfordernd<\/strong>: Die T\u00e4nzer m\u00fcssen mitdenken und die aktuelle Formation anwenden.<\/p>\n\n\n\n<p>&#8230;<strong>international<\/strong>: Die Tanzfiguren sind \u00fcberall einheitlich und erm\u00f6glichen eine weltweite Teilnahme an Tanzveranstaltungen.<\/p>\n\n\n\n<figure class=\"wp-block-image\"><img decoding=\"async\" src=\"https:\/\/sdc-emmendingen.de\/wp-content\/uploads\/2018\/07\/square_dance_clip_art_1-232x300.jpg\" alt=\"\" class=\"wp-image-80\"\/><\/figure>\n\n\n\n<p>Weitere Informationen zum Square Dance finden Sie hier:<\/p>\n\n\n\n<p class=\"has-text-color has-link-color has-medium-font-size wp-elements-692162a220f0f8c2891e80005e355a9a\" style=\"color:#3399ff;text-decoration:underline\"><a href=\"https:\/\/squaredance.net\/de\/index.html\"><strong>https:\/\/squaredance.net\/de\/index.html<\/strong><\/a><\/p>\n\n\n\n<p class=\"has-text-color has-link-color has-medium-font-size wp-elements-b9e85de59a61f9e290a53f2997de4f88\" style=\"color:#3399ff;text-decoration:underline\"><\/p>\n\n\n\n<p><\/p>\n","protected":false},"excerpt":{"rendered":"<p>Square Dance ist ein amerikanischer Volkstanz nach Ansage. Beim Square Dance tanzen jeweils vier Paare zusammen. Passend zur Musik werden die zu tanzenden Figuren von einem Caller (Ansager und S\u00e4nger) auf Englisch angesagt. Es wird weltweit nach den gleichen Regeln getanzt. Daher kann man andere Clubs und Veranstaltungen auf der ganzen Welt besuchen. Die Musik &hellip; <a href=\"https:\/\/sdc-emmendingen.de\/index.php\/was-ist-square-dance\/\" class=\"more-link\"><span class=\"screen-reader-text\">Was ist Square Dance?<\/span> weiterlesen <span class=\"meta-nav\">&rarr;<\/span><\/a><\/p>\n","protected":false},"author":5,"featured_media":0,"parent":0,"menu_order":0,"comment_status":"closed","ping_status":"closed","template":"","meta":{"_lmt_disableupdate":"","_lmt_disable":"","footnotes":""},"class_list":["post-44","page","type-page","status-publish","hentry"],"_links":{"self":[{"href":"https:\/\/sdc-emmendingen.de\/index.php\/wp-json\/wp\/v2\/pages\/44","targetHints":{"allow":["GET"]}}],"collection":[{"href":"https:\/\/sdc-emmendingen.de\/index.php\/wp-json\/wp\/v2\/pages"}],"about":[{"href":"https:\/\/sdc-emmendingen.de\/index.php\/wp-json\/wp\/v2\/types\/page"}],"author":[{"embeddable":true,"href":"https:\/\/sdc-emmendingen.de\/index.php\/wp-json\/wp\/v2\/users\/5"}],"replies":[{"embeddable":true,"href":"https:\/\/sdc-emmendingen.de\/index.php\/wp-json\/wp\/v2\/comments?post=44"}],"version-history":[{"count":3,"href":"https:\/\/sdc-emmendingen.de\/index.php\/wp-json\/wp\/v2\/pages\/44\/revisions"}],"predecessor-version":[{"id":2650,"href":"https:\/\/sdc-emmendingen.de\/index.php\/wp-json\/wp\/v2\/pages\/44\/revisions\/2650"}],"wp:attachment":[{"href":"https:\/\/sdc-emmendingen.de\/index.php\/wp-json\/wp\/v2\/media?parent=44"}],"curies":[{"name":"wp","href":"https:\/\/api.w.org\/{rel}","templated":true}]}}