{"id":191,"date":"2018-07-06T19:17:32","date_gmt":"2018-07-06T17:17:32","guid":{"rendered":"https:\/\/sdc-emmendingen.de\/?page_id=191"},"modified":"2025-12-14T17:45:15","modified_gmt":"2025-12-14T16:45:15","slug":"intern","status":"publish","type":"page","link":"https:\/\/sdc-emmendingen.de\/index.php\/intern\/","title":{"rendered":"Intern"},"content":{"rendered":"\n<p>Liebe Besucher unserer Homepage,<br><br>die Inhalte dieser Seite sind nur f\u00fcr Clubmitglieder zug\u00e4nglich.<br><br>Liebe Gr\u00fc\u00dfe<br>Webmaster<br><\/p>\n\n\n\n<h2 class=\"wp-block-heading has-text-color has-link-color has-medium-font-size wp-elements-4dd6b9da3a69947dbcabd5570090dfd9\" style=\"color:#3399ff;text-decoration:underline\"><a href=\"https:\/\/sdc-emmendingen.de\/index.php\/intern\/bilder-intern\/\" data-type=\"page\" data-id=\"2747\">Bilder intern<\/a><\/h2>\n\n\n\n<h2 class=\"wp-block-heading has-text-color has-link-color has-medium-font-size wp-elements-85a270e2171abcb7e5982cad62fadcc2\" style=\"color:#3399ff;text-decoration:underline\"><a href=\"https:\/\/sdc-emmendingen.de\/index.php\/intern\/Mitgliederliste\">Mitgliederliste<\/a><\/h2>\n\n\n\n<h2 class=\"wp-block-heading has-text-color has-link-color has-medium-font-size wp-elements-f0beb2dd742bef2fbb0b913dcbc9e997\" style=\"color:#3399ff;text-decoration:underline\"><a href=\"https:\/\/sdc-emmendingen.de\/index.php\/intern\/Datenschutzordnung\/\">Datenschutzordnung<\/a><\/h2>\n\n\n\n<h2 class=\"wp-block-heading has-text-color has-link-color has-medium-font-size wp-elements-c21af73de3851ac920e7b1abec9090a5\" style=\"color:#3399ff;text-decoration:underline\"><a href=\"https:\/\/sdc-emmendingen.de\/index.php\/intern\/Protokolle\/\">Protokolle<\/a><\/h2>\n\n\n\n<p><\/p>\n","protected":false},"excerpt":{"rendered":"<p>Liebe Besucher unserer Homepage, die Inhalte dieser Seite sind nur f\u00fcr Clubmitglieder zug\u00e4nglich. Liebe Gr\u00fc\u00dfeWebmaster Bilder intern Mitgliederliste Datenschutzordnung Protokolle<\/p>\n","protected":false},"author":5,"featured_media":0,"parent":0,"menu_order":0,"comment_status":"closed","ping_status":"closed","template":"","meta":{"_lmt_disableupdate":"","_lmt_disable":"","footnotes":""},"class_list":["post-191","page","type-page","status-publish","hentry"],"_links":{"self":[{"href":"https:\/\/sdc-emmendingen.de\/index.php\/wp-json\/wp\/v2\/pages\/191","targetHints":{"allow":["GET"]}}],"collection":[{"href":"https:\/\/sdc-emmendingen.de\/index.php\/wp-json\/wp\/v2\/pages"}],"about":[{"href":"https:\/\/sdc-emmendingen.de\/index.php\/wp-json\/wp\/v2\/types\/page"}],"author":[{"embeddable":true,"href":"https:\/\/sdc-emmendingen.de\/index.php\/wp-json\/wp\/v2\/users\/5"}],"replies":[{"embeddable":true,"href":"https:\/\/sdc-emmendingen.de\/index.php\/wp-json\/wp\/v2\/comments?post=191"}],"version-history":[{"count":28,"href":"https:\/\/sdc-emmendingen.de\/index.php\/wp-json\/wp\/v2\/pages\/191\/revisions"}],"predecessor-version":[{"id":2766,"href":"https:\/\/sdc-emmendingen.de\/index.php\/wp-json\/wp\/v2\/pages\/191\/revisions\/2766"}],"wp:attachment":[{"href":"https:\/\/sdc-emmendingen.de\/index.php\/wp-json\/wp\/v2\/media?parent=191"}],"curies":[{"name":"wp","href":"https:\/\/api.w.org\/{rel}","templated":true}]}}